{"id":220,"date":"2021-03-25T16:47:55","date_gmt":"2021-03-25T21:47:55","guid":{"rendered":"https:\/\/barf4pets.com\/?page_id=220"},"modified":"2024-07-10T18:33:14","modified_gmt":"2024-07-10T23:33:14","slug":"nosotros-dieta-barf-natural-casera-para-perros-y-gatos","status":"publish","type":"page","link":"https:\/\/barf4pets.com\/?page_id=220","title":{"rendered":"Nosotros"},"content":{"rendered":"\t\t<div data-elementor-type=\"wp-page\" data-elementor-id=\"220\" class=\"elementor elementor-220\" data-elementor-post-type=\"page\">\n\t\t\t\t\t\t<section class=\"elementor-section elementor-top-section elementor-element elementor-element-c70508b elementor-section-full_width elementor-section-height-default elementor-section-height-default\" data-id=\"c70508b\" data-element_type=\"section\">\n\t\t\t\t\t\t<div class=\"elementor-container elementor-column-gap-default\">\n\t\t\t\t\t<div class=\"elementor-column elementor-col-100 elementor-top-column elementor-element elementor-element-aaf8981\" data-id=\"aaf8981\" data-element_type=\"column\">\n\t\t\t<div class=\"elementor-widget-wrap elementor-element-populated\">\n\t\t\t\t\t\t<div class=\"elementor-element elementor-element-acd5458 elementor-widget elementor-widget-image\" data-id=\"acd5458\" data-element_type=\"widget\" data-widget_type=\"image.default\">\n\t\t\t\t<div class=\"elementor-widget-container\">\n\t\t\t\t\t\t\t\t\t\t\t\t\t\t\t<img fetchpriority=\"high\" decoding=\"async\" width=\"300\" height=\"245\" src=\"https:\/\/barf4pets.com\/wp-content\/uploads\/2021\/03\/20200607_091303-300x245.jpg\" class=\"attachment-medium size-medium wp-image-79\" alt=\"\" srcset=\"https:\/\/barf4pets.com\/wp-content\/uploads\/2021\/03\/20200607_091303-300x245.jpg 300w, https:\/\/barf4pets.com\/wp-content\/uploads\/2021\/03\/20200607_091303-1024x838.jpg 1024w, https:\/\/barf4pets.com\/wp-content\/uploads\/2021\/03\/20200607_091303-768x628.jpg 768w, https:\/\/barf4pets.com\/wp-content\/uploads\/2021\/03\/20200607_091303.jpg 1440w\" sizes=\"(max-width: 300px) 100vw, 300px\" \/>\t\t\t\t\t\t\t\t\t\t\t\t\t\t\t<\/div>\n\t\t\t\t<\/div>\n\t\t\t\t\t<\/div>\n\t\t<\/div>\n\t\t\t\t\t<\/div>\n\t\t<\/section>\n\t\t\t\t<section class=\"elementor-section elementor-top-section elementor-element elementor-element-af1cee5 elementor-section-full_width elementor-section-height-default elementor-section-height-default\" data-id=\"af1cee5\" data-element_type=\"section\">\n\t\t\t\t\t\t<div class=\"elementor-container elementor-column-gap-default\">\n\t\t\t\t\t<div class=\"elementor-column elementor-col-100 elementor-top-column elementor-element elementor-element-0043290\" data-id=\"0043290\" data-element_type=\"column\">\n\t\t\t<div class=\"elementor-widget-wrap elementor-element-populated\">\n\t\t\t\t\t\t<div class=\"elementor-element elementor-element-9530647 elementor-widget__width-auto elementor-widget elementor-widget-text-editor\" data-id=\"9530647\" data-element_type=\"widget\" data-widget_type=\"text-editor.default\">\n\t\t\t\t<div class=\"elementor-widget-container\">\n\t\t\t\t\t\t\t\t\t<p style=\"text-align: left;\"><span style=\"color: #ff0000;\"><strong>BARF 4 pets<\/strong><\/span>\u00a0<span style=\"color: #7a4617;\">es\u00a0una empresa con un claro objetivo: la b\u00fasqueda de una alimentaci\u00f3n sana y equilibrada para todos los perros y gatos, sea cual sea su raza, su tama\u00f1o o edad, para ello, a trav\u00e9s de la investigaci\u00f3n y el esfuerzo hemos lanzado al mercado un producto de calidad totalmente diferente a los productos actuales del mercado, un alimento sano y natural hecho en nuestra propia planta de alimentaci\u00f3n con ingredientes aptos para consumo humano.<\/span><\/p><p><span style=\"color: #7a4617;\">El alimento final resulta una comida para perros y gatos \u00fanica en el mercado, obtenido de la mezcla de carne de calidad, frutas, verduras, hortalizas y cereales de la m\u00e1s alta calidad.<\/span><\/p>\t\t\t\t\t\t\t\t<\/div>\n\t\t\t\t<\/div>\n\t\t\t\t\t<\/div>\n\t\t<\/div>\n\t\t\t\t\t<\/div>\n\t\t<\/section>\n\t\t\t\t<section class=\"elementor-section elementor-top-section elementor-element elementor-element-2dbbe65 elementor-section-full_width elementor-section-height-default elementor-section-height-default\" data-id=\"2dbbe65\" data-element_type=\"section\">\n\t\t\t\t\t\t<div class=\"elementor-container elementor-column-gap-default\">\n\t\t\t\t\t<div class=\"elementor-column elementor-col-100 elementor-top-column elementor-element elementor-element-1c070dd\" data-id=\"1c070dd\" data-element_type=\"column\">\n\t\t\t<div class=\"elementor-widget-wrap elementor-element-populated\">\n\t\t\t\t\t\t<div class=\"elementor-element elementor-element-2bf8805 elementor-widget elementor-widget-heading\" data-id=\"2bf8805\" data-element_type=\"widget\" data-widget_type=\"heading.default\">\n\t\t\t\t<div class=\"elementor-widget-container\">\n\t\t\t\t\t<h2 class=\"elementor-heading-title elementor-size-default\">Qu\u00e9 ofrecemos?<\/h2>\t\t\t\t<\/div>\n\t\t\t\t<\/div>\n\t\t\t\t\t<\/div>\n\t\t<\/div>\n\t\t\t\t\t<\/div>\n\t\t<\/section>\n\t\t\t\t<section class=\"elementor-section elementor-top-section elementor-element elementor-element-2506ea4 elementor-section-full_width elementor-section-height-default elementor-section-height-default\" data-id=\"2506ea4\" data-element_type=\"section\">\n\t\t\t\t\t\t<div class=\"elementor-container elementor-column-gap-default\">\n\t\t\t\t\t<div class=\"elementor-column elementor-col-100 elementor-top-column elementor-element elementor-element-186b87c\" data-id=\"186b87c\" data-element_type=\"column\">\n\t\t\t<div class=\"elementor-widget-wrap elementor-element-populated\">\n\t\t\t\t\t\t<div class=\"elementor-element elementor-element-10fe165 elementor-widget elementor-widget-text-editor\" data-id=\"10fe165\" data-element_type=\"widget\" data-widget_type=\"text-editor.default\">\n\t\t\t\t<div class=\"elementor-widget-container\">\n\t\t\t\t\t\t\t\t\t<p><strong>Barf 4 pets<\/strong> ofrece a tu perro o gato comida biol\u00f3gicamente apropiada, fresca, completa y balanceada, totalmente natural a base de carne de primera calidad y muy f\u00e1cil de suministrar.<\/p>\n<p>Al ser cruda&nbsp;provee un alto valor nutricional y puede ayudar a maximizar la vitalidad, la salud y la longevidad de tu perro o gato.<\/p>\n<p><strong>\u00abQue el alimento sea su medicina, y la medicina su alimento.\u00bb<\/strong><\/p>\n<p><strong><em>HIP\u00d3CRATES &#8211; padre de la medicina occidente<\/em><\/strong><\/p>\n<p><span style=\"font-size: 14px;\">Creemos que&nbsp;<\/span><strong style=\"font-size: 14px;\">nuestros perros y gatos son una de las partes m\u00e1s importantes de nuestra vida<\/strong><span style=\"font-size: 14px;\">&nbsp;y su bienestar es fundamental para nosotros. La base para una larga vida en los seres humanos es una nutrici\u00f3n sana y es exactamente igual para nuestros peludos. No es cient\u00edfico ni complicado, simplemente hay que echar un ojo a la madre naturaleza y&nbsp;<\/span><strong style=\"font-size: 14px;\">recurrir a la dieta de los ancestros de nuestros perros y gatos<\/strong><span style=\"font-size: 14px;\">&nbsp;para entender mejor c\u00f3mo debemos alimentarlos hoy en d\u00eda para maximizar su salud, su vitalidad y sobre todo&nbsp;<\/span><strong style=\"font-size: 14px;\">para que vivan m\u00e1s y mejor<\/strong><span style=\"font-size: 14px;\">.<\/span><br><\/p>\t\t\t\t\t\t\t\t<\/div>\n\t\t\t\t<\/div>\n\t\t\t\t\t<\/div>\n\t\t<\/div>\n\t\t\t\t\t<\/div>\n\t\t<\/section>\n\t\t\t\t<section class=\"elementor-section elementor-top-section elementor-element elementor-element-f50f767 elementor-section-full_width elementor-section-height-default elementor-section-height-default\" data-id=\"f50f767\" data-element_type=\"section\">\n\t\t\t\t\t\t<div class=\"elementor-container elementor-column-gap-default\">\n\t\t\t\t\t<div class=\"elementor-column elementor-col-100 elementor-top-column elementor-element elementor-element-71e76b3\" data-id=\"71e76b3\" data-element_type=\"column\">\n\t\t\t<div class=\"elementor-widget-wrap elementor-element-populated\">\n\t\t\t\t\t\t<div class=\"elementor-element elementor-element-25c8dfd elementor-widget elementor-widget-heading\" data-id=\"25c8dfd\" data-element_type=\"widget\" data-widget_type=\"heading.default\">\n\t\t\t\t<div class=\"elementor-widget-container\">\n\t\t\t\t\t<h2 class=\"elementor-heading-title elementor-size-default\">C\u00f3mo naci\u00f3 la idea de Barf 4 pets?<\/h2>\t\t\t\t<\/div>\n\t\t\t\t<\/div>\n\t\t\t\t\t<\/div>\n\t\t<\/div>\n\t\t\t\t\t<\/div>\n\t\t<\/section>\n\t\t\t\t<section class=\"elementor-section elementor-top-section elementor-element elementor-element-a05d591 elementor-section-full_width elementor-section-height-default elementor-section-height-default\" data-id=\"a05d591\" data-element_type=\"section\">\n\t\t\t\t\t\t<div class=\"elementor-container elementor-column-gap-default\">\n\t\t\t\t\t<div class=\"elementor-column elementor-col-100 elementor-top-column elementor-element elementor-element-5c8a8e4\" data-id=\"5c8a8e4\" data-element_type=\"column\">\n\t\t\t<div class=\"elementor-widget-wrap elementor-element-populated\">\n\t\t\t\t\t\t<div class=\"elementor-element elementor-element-850f054 elementor-widget elementor-widget-text-editor\" data-id=\"850f054\" data-element_type=\"widget\" data-widget_type=\"text-editor.default\">\n\t\t\t\t<div class=\"elementor-widget-container\">\n\t\t\t\t\t\t\t\t\t<p>Barf 4 pets est\u00e1 formada un grupo de profesionales amantes de los animales, con un objetivo en com\u00fan: ofrecerles el mayor bienestar f\u00edsico y emocional posible.\u00a0<br \/><br \/>Un d\u00eda nos preguntamos: \u00bfCon qu\u00e9 estamos alimentando a nuestros perros? \u00bfDe qu\u00e9 est\u00e1 hecha su comida realmente? Y empezamos a investigar. Probamos infinidad de productos, analizando con lupa la composici\u00f3n e ingredientes de cada uno, visitamos ferias y f\u00e1bricas&#8230; y decidimos que ninguno de nosotros quer\u00edamos seguir alimentando a nuestro perro con \u00abcomida para perros o bolitas\u00bb as\u00ed que comenzamos a alimentarlos con comida hecha en casa, mezclando carne, frutas, verduras, hortalizas, cereales, etc<br \/><br \/>Empezamos a preparar nuestras propias mezclas y cada vez m\u00e1s gente nos preguntaba qu\u00e9 est\u00e1bamos dando a nuestros peros y nos ped\u00eda comida para sus perros. Fue entonces cuando nos preguntamos: \u00bfPodr\u00edamos hacer llegar esto a m\u00e1s gente?\u00a0<br \/><br \/>Despu\u00e9s de varios a\u00f1os de investigaci\u00f3n y pruebas, lo hemos conseguido. Tenemos desarrollada una l\u00ednea de productos:<\/p><ul><li>Crudos<\/li><li>Deshidratados<\/li><li>Snacks o Treats deshidratados.<\/li><\/ul>\t\t\t\t\t\t\t\t<\/div>\n\t\t\t\t<\/div>\n\t\t\t\t\t<\/div>\n\t\t<\/div>\n\t\t\t\t\t<\/div>\n\t\t<\/section>\n\t\t\t\t<section class=\"elementor-section elementor-top-section elementor-element elementor-element-aa140da elementor-section-full_width elementor-section-height-default elementor-section-height-default\" data-id=\"aa140da\" data-element_type=\"section\">\n\t\t\t\t\t\t<div class=\"elementor-container elementor-column-gap-default\">\n\t\t\t\t\t<div class=\"elementor-column elementor-col-100 elementor-top-column elementor-element elementor-element-26d8104\" data-id=\"26d8104\" data-element_type=\"column\">\n\t\t\t<div class=\"elementor-widget-wrap elementor-element-populated\">\n\t\t\t\t\t\t<div class=\"elementor-element elementor-element-7f32017 elementor-widget elementor-widget-heading\" data-id=\"7f32017\" data-element_type=\"widget\" data-widget_type=\"heading.default\">\n\t\t\t\t<div class=\"elementor-widget-container\">\n\t\t\t\t\t<h2 class=\"elementor-heading-title elementor-size-default\">Cu\u00e1l es nuestro objetivo?<\/h2>\t\t\t\t<\/div>\n\t\t\t\t<\/div>\n\t\t\t\t\t<\/div>\n\t\t<\/div>\n\t\t\t\t\t<\/div>\n\t\t<\/section>\n\t\t\t\t<section class=\"elementor-section elementor-top-section elementor-element elementor-element-177c342 elementor-section-full_width elementor-section-height-default elementor-section-height-default\" data-id=\"177c342\" data-element_type=\"section\">\n\t\t\t\t\t\t<div class=\"elementor-container elementor-column-gap-default\">\n\t\t\t\t\t<div class=\"elementor-column elementor-col-100 elementor-top-column elementor-element elementor-element-9ed6ae4\" data-id=\"9ed6ae4\" data-element_type=\"column\">\n\t\t\t<div class=\"elementor-widget-wrap elementor-element-populated\">\n\t\t\t\t\t\t<div class=\"elementor-element elementor-element-4816c53 elementor-widget elementor-widget-text-editor\" data-id=\"4816c53\" data-element_type=\"widget\" data-widget_type=\"text-editor.default\">\n\t\t\t\t<div class=\"elementor-widget-container\">\n\t\t\t\t\t\t\t\t\t<p>Nuestras recetas nos ha dado la clave para que alimentar con comida sana sea f\u00e1cil, y el hecho de tener la iniciativa de obtener permisos y registros nos garantiza que esta comida, es comida de verdad.<\/p><p>Actualmente el mercado de consumo de alimentos para mascotas ha tomado un rol importante en nuestra sociedad debido al desarrollo de nuevas creencias alimenticias y descubrimientos significativos de beneficios nutricionales como pr\u00e1cticos.<\/p><p><strong>\u00a0Objetivos<\/strong><\/p><p><strong>BARF 4 pets es <\/strong>una empresa con objetivos claros:<\/p><p>\u00a0Ofrecer el mayor bienestar f\u00edsico y emocional posible.\u00a0<\/p><p>La b\u00fasqueda de una alimentaci\u00f3n sana y equilibrada para todos los perros, sea cual sea su raza, su tama\u00f1o o edad, para ello, a trav\u00e9s de la investigaci\u00f3n y el esfuerzo hemos lanzado al mercado un producto de calidad totalmente diferente a los productos actuales del mercado, un alimento sano y natural hecho en nuestra propia planta de alimentaci\u00f3n con ingredientes aptos para consumo humano.<\/p><p>Barf 4 pets entiende que el giro de su negocio est\u00e1 \u00edntimamente vinculado con la nutrici\u00f3n, salud y bienestar y por ende su gesti\u00f3n comercial con clientes, socios estrat\u00e9gicos y proveedores debe ser reflejo de ello y es de aqu\u00ed que para este proyecto se deriva la filosof\u00eda ganar-ganar; por lo cual se desea proyectar estrategias que potencialicen las capacidades administrativas y comerciales.<\/p>\t\t\t\t\t\t\t\t<\/div>\n\t\t\t\t<\/div>\n\t\t\t\t\t<\/div>\n\t\t<\/div>\n\t\t\t\t\t<\/div>\n\t\t<\/section>\n\t\t\t\t<section class=\"elementor-section elementor-top-section elementor-element elementor-element-f7a910f elementor-section-boxed elementor-section-height-default elementor-section-height-default\" data-id=\"f7a910f\" data-element_type=\"section\">\n\t\t\t\t\t\t<div class=\"elementor-container elementor-column-gap-default\">\n\t\t\t\t\t<div class=\"elementor-column elementor-col-100 elementor-top-column elementor-element elementor-element-e492f11\" data-id=\"e492f11\" data-element_type=\"column\">\n\t\t\t<div class=\"elementor-widget-wrap\">\n\t\t\t\t\t\t\t<\/div>\n\t\t<\/div>\n\t\t\t\t\t<\/div>\n\t\t<\/section>\n\t\t\t\t<\/div>\n\t\t","protected":false},"excerpt":{"rendered":"<p>BARF 4 pets\u00a0es\u00a0una empresa con un claro objetivo: la b\u00fasqueda de una alimentaci\u00f3n sana y equilibrada para todos los perros y gatos, sea cual sea su raza, su tama\u00f1o o edad, para ello, a trav\u00e9s de la investigaci\u00f3n y el esfuerzo hemos lanzado al mercado un producto de calidad totalmente diferente a los productos actuales [&hellip;]<\/p>\n","protected":false},"author":1,"featured_media":0,"parent":0,"menu_order":0,"comment_status":"closed","ping_status":"closed","template":"","meta":{"ocean_post_layout":"full-screen","ocean_both_sidebars_style":"","ocean_both_sidebars_content_width":0,"ocean_both_sidebars_sidebars_width":0,"ocean_sidebar":"0","ocean_second_sidebar":"0","ocean_disable_margins":"on","ocean_add_body_class":"","ocean_shortcode_before_top_bar":"","ocean_shortcode_after_top_bar":"","ocean_shortcode_before_header":"","ocean_shortcode_after_header":"","ocean_has_shortcode":"","ocean_shortcode_after_title":"","ocean_shortcode_before_footer_widgets":"","ocean_shortcode_after_footer_widgets":"","ocean_shortcode_before_footer_bottom":"","ocean_shortcode_after_footer_bottom":"","ocean_display_top_bar":"off","ocean_display_header":"on","ocean_header_style":"top","ocean_center_header_left_menu":"0","ocean_custom_header_template":"0","ocean_custom_logo":0,"ocean_custom_retina_logo":0,"ocean_custom_logo_max_width":0,"ocean_custom_logo_tablet_max_width":0,"ocean_custom_logo_mobile_max_width":0,"ocean_custom_logo_max_height":0,"ocean_custom_logo_tablet_max_height":0,"ocean_custom_logo_mobile_max_height":0,"ocean_header_custom_menu":"0","ocean_menu_typo_font_family":"0","ocean_menu_typo_font_subset":"","ocean_menu_typo_font_size":0,"ocean_menu_typo_font_size_tablet":0,"ocean_menu_typo_font_size_mobile":0,"ocean_menu_typo_font_size_unit":"px","ocean_menu_typo_font_weight":"","ocean_menu_typo_font_weight_tablet":"","ocean_menu_typo_font_weight_mobile":"","ocean_menu_typo_transform":"","ocean_menu_typo_transform_tablet":"","ocean_menu_typo_transform_mobile":"","ocean_menu_typo_line_height":0,"ocean_menu_typo_line_height_tablet":0,"ocean_menu_typo_line_height_mobile":0,"ocean_menu_typo_line_height_unit":"","ocean_menu_typo_spacing":0,"ocean_menu_typo_spacing_tablet":0,"ocean_menu_typo_spacing_mobile":0,"ocean_menu_typo_spacing_unit":"","ocean_menu_link_color":"","ocean_menu_link_color_hover":"","ocean_menu_link_color_active":"","ocean_menu_link_background":"","ocean_menu_link_hover_background":"","ocean_menu_link_active_background":"","ocean_menu_social_links_bg":"","ocean_menu_social_hover_links_bg":"","ocean_menu_social_links_color":"","ocean_menu_social_hover_links_color":"","ocean_disable_title":"on","ocean_disable_heading":"default","ocean_post_title":"","ocean_post_subheading":"","ocean_post_title_style":"","ocean_post_title_background_color":"","ocean_post_title_background":0,"ocean_post_title_bg_image_position":"","ocean_post_title_bg_image_attachment":"","ocean_post_title_bg_image_repeat":"","ocean_post_title_bg_image_size":"","ocean_post_title_height":0,"ocean_post_title_bg_overlay":0.5,"ocean_post_title_bg_overlay_color":"","ocean_disable_breadcrumbs":"off","ocean_breadcrumbs_color":"","ocean_breadcrumbs_separator_color":"","ocean_breadcrumbs_links_color":"","ocean_breadcrumbs_links_hover_color":"","ocean_display_footer_widgets":"on","ocean_display_footer_bottom":"off","ocean_custom_footer_template":"0","footnotes":""},"yst_prominent_words":[],"class_list":["post-220","page","type-page","status-publish","hentry","entry","owp-thumbs-layout-horizontal","owp-btn-normal","owp-tabs-layout-horizontal","has-no-thumbnails","has-product-nav"],"_links":{"self":[{"href":"https:\/\/barf4pets.com\/index.php?rest_route=\/wp\/v2\/pages\/220","targetHints":{"allow":["GET"]}}],"collection":[{"href":"https:\/\/barf4pets.com\/index.php?rest_route=\/wp\/v2\/pages"}],"about":[{"href":"https:\/\/barf4pets.com\/index.php?rest_route=\/wp\/v2\/types\/page"}],"author":[{"embeddable":true,"href":"https:\/\/barf4pets.com\/index.php?rest_route=\/wp\/v2\/users\/1"}],"replies":[{"embeddable":true,"href":"https:\/\/barf4pets.com\/index.php?rest_route=%2Fwp%2Fv2%2Fcomments&post=220"}],"version-history":[{"count":41,"href":"https:\/\/barf4pets.com\/index.php?rest_route=\/wp\/v2\/pages\/220\/revisions"}],"predecessor-version":[{"id":1328,"href":"https:\/\/barf4pets.com\/index.php?rest_route=\/wp\/v2\/pages\/220\/revisions\/1328"}],"wp:attachment":[{"href":"https:\/\/barf4pets.com\/index.php?rest_route=%2Fwp%2Fv2%2Fmedia&parent=220"}],"wp:term":[{"taxonomy":"yst_prominent_words","embeddable":true,"href":"https:\/\/barf4pets.com\/index.php?rest_route=%2Fwp%2Fv2%2Fyst_prominent_words&post=220"}],"curies":[{"name":"wp","href":"https:\/\/api.w.org\/{rel}","templated":true}]}}