{"id":339,"date":"2021-03-26T11:34:22","date_gmt":"2021-03-26T16:34:22","guid":{"rendered":"https:\/\/barf4pets.com\/?page_id=339"},"modified":"2024-07-10T18:30:05","modified_gmt":"2024-07-10T23:30:05","slug":"envios","status":"publish","type":"page","link":"https:\/\/barf4pets.com\/?page_id=339","title":{"rendered":"Env\u00edos"},"content":{"rendered":"\t\t<div data-elementor-type=\"wp-page\" data-elementor-id=\"339\" class=\"elementor elementor-339\" data-elementor-post-type=\"page\">\n\t\t\t\t\t\t<section class=\"elementor-section elementor-top-section elementor-element elementor-element-49af46b elementor-section-boxed elementor-section-height-default elementor-section-height-default\" data-id=\"49af46b\" data-element_type=\"section\">\n\t\t\t\t\t\t<div class=\"elementor-container elementor-column-gap-default\">\n\t\t\t\t\t<div class=\"elementor-column elementor-col-100 elementor-top-column elementor-element elementor-element-b8764b9\" data-id=\"b8764b9\" data-element_type=\"column\">\n\t\t\t<div class=\"elementor-widget-wrap elementor-element-populated\">\n\t\t\t\t\t\t<div class=\"elementor-element elementor-element-243552d elementor-widget elementor-widget-image\" data-id=\"243552d\" data-element_type=\"widget\" data-widget_type=\"image.default\">\n\t\t\t\t<div class=\"elementor-widget-container\">\n\t\t\t\t\t\t\t\t\t\t\t\t\t\t\t<img fetchpriority=\"high\" decoding=\"async\" width=\"1024\" height=\"969\" src=\"https:\/\/barf4pets.com\/wp-content\/uploads\/2023\/04\/20230405_161202-1024x969.jpg\" class=\"attachment-large size-large wp-image-1345\" alt=\"\" srcset=\"https:\/\/barf4pets.com\/wp-content\/uploads\/2023\/04\/20230405_161202-1024x969.jpg 1024w, https:\/\/barf4pets.com\/wp-content\/uploads\/2023\/04\/20230405_161202-300x284.jpg 300w, https:\/\/barf4pets.com\/wp-content\/uploads\/2023\/04\/20230405_161202-768x727.jpg 768w, https:\/\/barf4pets.com\/wp-content\/uploads\/2023\/04\/20230405_161202-1536x1453.jpg 1536w, https:\/\/barf4pets.com\/wp-content\/uploads\/2023\/04\/20230405_161202-600x568.jpg 600w, https:\/\/barf4pets.com\/wp-content\/uploads\/2023\/04\/20230405_161202.jpg 1743w\" sizes=\"(max-width: 1024px) 100vw, 1024px\" \/>\t\t\t\t\t\t\t\t\t\t\t\t\t\t\t<\/div>\n\t\t\t\t<\/div>\n\t\t\t\t\t<\/div>\n\t\t<\/div>\n\t\t\t\t\t<\/div>\n\t\t<\/section>\n\t\t\t\t<section class=\"elementor-section elementor-top-section elementor-element elementor-element-66076af elementor-section-full_width elementor-section-height-default elementor-section-height-default\" data-id=\"66076af\" data-element_type=\"section\">\n\t\t\t\t\t\t<div class=\"elementor-container elementor-column-gap-default\">\n\t\t\t\t\t<div class=\"elementor-column elementor-col-100 elementor-top-column elementor-element elementor-element-2e22836\" data-id=\"2e22836\" data-element_type=\"column\">\n\t\t\t<div class=\"elementor-widget-wrap elementor-element-populated\">\n\t\t\t\t\t\t<div class=\"elementor-element elementor-element-014a6c9 elementor-widget elementor-widget-heading\" data-id=\"014a6c9\" data-element_type=\"widget\" data-widget_type=\"heading.default\">\n\t\t\t\t<div class=\"elementor-widget-container\">\n\t\t\t\t\t<h2 class=\"elementor-heading-title elementor-size-large\">Entrega a domicilio \/ Retiro de la planta<\/h2>\t\t\t\t<\/div>\n\t\t\t\t<\/div>\n\t\t\t\t\t<\/div>\n\t\t<\/div>\n\t\t\t\t\t<\/div>\n\t\t<\/section>\n\t\t\t\t<section class=\"elementor-section elementor-top-section elementor-element elementor-element-bfc9ae5 elementor-section-full_width elementor-section-height-default elementor-section-height-default\" data-id=\"bfc9ae5\" data-element_type=\"section\">\n\t\t\t\t\t\t<div class=\"elementor-container elementor-column-gap-default\">\n\t\t\t\t\t<div class=\"elementor-column elementor-col-100 elementor-top-column elementor-element elementor-element-a8ce4f7\" data-id=\"a8ce4f7\" data-element_type=\"column\">\n\t\t\t<div class=\"elementor-widget-wrap elementor-element-populated\">\n\t\t\t\t\t\t<div class=\"elementor-element elementor-element-b8010e4 elementor-widget elementor-widget-text-editor\" data-id=\"b8010e4\" data-element_type=\"widget\" data-widget_type=\"text-editor.default\">\n\t\t\t\t<div class=\"elementor-widget-container\">\n\t\t\t\t\t\t\t\t\t<div class=\"container\"><div class=\"col-md-6\"><ul><li><span style=\"color: #7a4617;\">Nuestra comida natural cruda utiliza como \u00fanico m\u00e9todo de conservaci\u00f3n la congelaci\u00f3n.<\/span><\/li><li><span style=\"color: #7a4617;\"> Para maximizar las condiciones de congelaci\u00f3n durante el env\u00edo, te recomendamos un pedido m\u00ednimo de 21kg (no es obligatorio).\u00a0<\/span><\/li><\/ul><p><span style=\"color: #7a4617;\"><strong>Tenemos un pedido m\u00ednimo sugerido de $21 (no es obligatorio), puedes pedir tambi\u00e9n cantidades peque\u00f1as o la cantidad que quieras; ya que entendemos que el espacio de congelador que tenemos en casa, puede ser peque\u00f1o.<\/strong><\/span><\/p><\/div><\/div>\t\t\t\t\t\t\t\t<\/div>\n\t\t\t\t<\/div>\n\t\t\t\t\t<\/div>\n\t\t<\/div>\n\t\t\t\t\t<\/div>\n\t\t<\/section>\n\t\t\t\t<section class=\"elementor-section elementor-top-section elementor-element elementor-element-2222e05 elementor-section-full_width elementor-section-height-default elementor-section-height-default\" data-id=\"2222e05\" data-element_type=\"section\">\n\t\t\t\t\t\t<div class=\"elementor-container elementor-column-gap-default\">\n\t\t\t\t\t<div class=\"elementor-column elementor-col-50 elementor-top-column elementor-element elementor-element-29c60aa\" data-id=\"29c60aa\" data-element_type=\"column\">\n\t\t\t<div class=\"elementor-widget-wrap elementor-element-populated\">\n\t\t\t\t\t\t<div class=\"elementor-element elementor-element-8709e71 elementor-widget elementor-widget-text-editor\" data-id=\"8709e71\" data-element_type=\"widget\" data-widget_type=\"text-editor.default\">\n\t\t\t\t<div class=\"elementor-widget-container\">\n\t\t\t\t\t\t\t\t\t<div class=\"container\"><div class=\"col-md-12\"><h3 style=\"text-align: center;\"><span style=\"color: #ff0000;\">Entrega a domicilio\u00a0<\/span><\/h3><p><span style=\"color: #7a4617;\">Recomendamos al momento de realizar tu pedido, hacerlo v\u00eda nuestro n\u00famero de whatsapp, por este medio coordinaremos el d\u00eda y la fecha de la entrega.<\/span><\/p><p><span style=\"color: #7a4617;\">Al momento hacemos entregas diarias, pero para una mejor organizaci\u00f3n hemos determinado:\u00a0<\/span><\/p><ul><li><span style=\"color: #7a4617;\">Entregas realizadas todos los <strong>martes: <\/strong>\u00a0para pedidos realizados antes del domingo a las 23:59 de la noche<\/span><\/li><li><span style=\"color: #7a4617;\">Entregas realizadas todos los <strong>mi\u00e9rcoles:<\/strong> para pedidos realizadoss antes del lunes a las 23:59 de la noche<\/span><\/li><li><span style=\"color: #7a4617;\">todos los\u00a0<strong>jueves<\/strong> para pedidos solicitados antes del martes a las 23:59 de la noche<\/span><\/li><li><span style=\"color: #7a4617;\">Entregas realizadas todos los <strong>viernes:<\/strong> para pedidos realizados antes del mi\u00e9rcoles a las 23:59 de la noche<\/span><\/li><\/ul><p><span style=\"color: #7a4617;\">Las entregas se har\u00e1n en el transcurso del d\u00eda designado o acordado.<\/span><\/p><p><span style=\"color: #7a4617;\">Los d\u00edas de entrega se pueden ver alterados en caso de d\u00edas festivos, esto ser\u00e1 indicado en nuestra p\u00e1gina web o v\u00eda whatsapp.<\/span><\/p><\/div><div class=\"col-md-12\"><span style=\"color: #7a4617;\">Por favor, en el d\u00eda elegido para la entrega de tu pedido debes de estar disponible para recibir los productos; dentro de los horarios indicado arriba (a lo largo del d\u00eda), ya que son alimentos congelados.<\/span><\/div><div class=\"col-md-12\">\u00a0<\/div><div class=\"col-md-12\"><p><span style=\"color: #7a4617;\"><strong>En casos de entregas a provincia<\/strong>\u00a0y debido a los procesos log\u00edsticos de las empresas, <strong>el pedido llegar\u00e1 un d\u00eda despu\u00e9s al d\u00eda elegido para realizar el env\u00edo<\/strong>. Teniendo esto en cuenta, nosotros preparamos los env\u00edos para que mantengan la cadena de fr\u00edo hasta 48 horas y aunque algunos art\u00edculos te lleguen un poco blandos puedes volver a congelarlos perfectamente.<\/span><\/p><p><span style=\"color: #7a4617;\">Por razones de log\u00edstica, los pedidos para las provincias deben seleccionar siempre un <strong>lunes o martes<\/strong> como fecha de entrega y la entrega siempre se realizar\u00e1 entre el martes y el jueves inmediatamente posterior con las empresas o transporte de entrega provincial. <strong>Recomendamos un pedido m\u00ednimo de 10kg para asegurar la cadena de fr\u00edo<\/strong>.<\/span><\/p><p><span style=\"color: #7a4617;\">Trabajamos con todas las empresas de transporte.<\/span><\/p><p><span style=\"color: #7a4617;\">Por favor considerar que los d\u00edas viernes NO se realizan env\u00edos a provincias, ya que muchas compa\u00f1\u00edas de transporte no trabajan en entregas los fines de semana. Por lo que\u00a0<strong>no las pueden garantizar<\/strong>.\u00a0<\/span><\/p><p><span style=\"color: #7a4617;\">Si sabes que\u00a0<strong>no puedes estar en casa con seguridad<\/strong>, puedes darnos instrucciones durante el proceso del pedido para dejar el paquete en el d\u00eda elegido y durante el horario de entrega en un lugar seguro (vecino, portero, tienda de al lado, por ejemplo).<\/span><\/p><p><span style=\"color: #7a4617;\">Les sugerimos siempre estar pendientes de nuestro contacto.<\/span><\/p><p><span style=\"color: #7a4617;\">Preparamos nuestros pedidos de manera meticulosa para mantener su congelaci\u00f3n y alta calidad hasta el d\u00eda y la fecha de la recepci\u00f3n.<\/span><\/p><p><span style=\"color: #7a4617;\">En el momento de la entrega se te pedir\u00e1 que firmes como prueba de que has recibido tu pedido y para confirmar que todos los productos est\u00e1n en perfecto estado.<\/span><\/p><p><span style=\"color: #7a4617;\"><strong>En caso de que los tiempos de entrega se alarguen porque no puedas recibir la entrega por cualquier motivo en el d\u00eda de entrega elegido, Barf 4 pets no se hace responsable de la descongelaci\u00f3n de los productos<\/strong> y del posible impacto en la calidad de los mismos y no puede aceptar devoluciones en estos casos.<\/span><\/p><p><span style=\"color: #7a4617;\">Pese al extremo cuidado que ponemos al hacer tu paquete, en per\u00edodos de extremo calor, en muy pocas ocasiones puede ser que recibas los productos en <\/span><strong style=\"color: #7a4617;\">ligero proceso de descongelaci\u00f3n<\/strong><span style=\"color: #7a4617;\">. Lo notar\u00e1s porque est\u00e1 un poco tierno por fuera pero duro por dentro.<\/span><\/p><\/div><\/div><div class=\"row bg-feat\"><section class=\"container\"><div class=\"col-md-12\" style=\"text-align: left;\"><p><span style=\"color: #7a4617;\"><strong>Siempre que ocurra esto, la cadena de fr\u00edo no est\u00e1 comprometida y los art\u00edculos pueden meterse en el congelador con total garant\u00eda.<\/strong><\/span><\/p><\/div><\/section><\/div>\t\t\t\t\t\t\t\t<\/div>\n\t\t\t\t<\/div>\n\t\t\t\t\t<\/div>\n\t\t<\/div>\n\t\t\t\t<div class=\"elementor-column elementor-col-50 elementor-top-column elementor-element elementor-element-c1d32b5\" data-id=\"c1d32b5\" data-element_type=\"column\">\n\t\t\t<div class=\"elementor-widget-wrap elementor-element-populated\">\n\t\t\t\t\t\t<div class=\"elementor-element elementor-element-dd0035c elementor-widget elementor-widget-text-editor\" data-id=\"dd0035c\" data-element_type=\"widget\" data-widget_type=\"text-editor.default\">\n\t\t\t\t<div class=\"elementor-widget-container\">\n\t\t\t\t\t\t\t\t\t<div class=\"container\"><div class=\"col-md-12\"><h3 style=\"text-align: center;\"><span style=\"color: #ff0000;\">Entrega en nuestras instalaciones<\/span><\/h3><p><span style=\"color: #7a4617;\">Al momento\u00a0 de realizar tu pedido para retirarlo en nuestras instalaciones, puedes escoger el d\u00eda y la hora en la que recoger\u00e1s tu producto.<\/span><\/p><p><span style=\"color: #7a4617;\">Programaremos la entrega en nuestras instalaciones con cada cliente. <\/span><\/p><p><span style=\"color: #7a4617;\">Por favor tomen en cuenta los horarios de atenci\u00f3n de 8h00 am &#8211; 18h00 pm de lunes a viernes. <\/span><\/p><p><span style=\"color: #7a4617;\"><strong>NO<\/strong> podremos atenderles s\u00e1bado y domingo. Antes de llegar por favor env\u00edanos un mensaje de whatsapp \u00f3 una llamada para estar pendientes de tu llegada y tener el producto listo y empacado.<\/span><\/p><\/div><\/div>\t\t\t\t\t\t\t\t<\/div>\n\t\t\t\t<\/div>\n\t\t\t\t\t<\/div>\n\t\t<\/div>\n\t\t\t\t\t<\/div>\n\t\t<\/section>\n\t\t\t\t<section class=\"elementor-section elementor-top-section elementor-element elementor-element-14b8ded elementor-section-boxed elementor-section-height-default elementor-section-height-default\" data-id=\"14b8ded\" data-element_type=\"section\">\n\t\t\t\t\t\t<div class=\"elementor-container elementor-column-gap-default\">\n\t\t\t\t\t<div class=\"elementor-column elementor-col-100 elementor-top-column elementor-element elementor-element-a7c19ab\" data-id=\"a7c19ab\" data-element_type=\"column\">\n\t\t\t<div class=\"elementor-widget-wrap elementor-element-populated\">\n\t\t\t\t\t\t<div class=\"elementor-element elementor-element-ead5861 elementor-widget elementor-widget-heading\" data-id=\"ead5861\" data-element_type=\"widget\" data-widget_type=\"heading.default\">\n\t\t\t\t<div class=\"elementor-widget-container\">\n\t\t\t\t\t<h2 class=\"elementor-heading-title elementor-size-default\">Procedimiento COVID<\/h2>\t\t\t\t<\/div>\n\t\t\t\t<\/div>\n\t\t\t\t\t<\/div>\n\t\t<\/div>\n\t\t\t\t\t<\/div>\n\t\t<\/section>\n\t\t\t\t<section class=\"elementor-section elementor-top-section elementor-element elementor-element-fb3bc36 elementor-section-boxed elementor-section-height-default elementor-section-height-default\" data-id=\"fb3bc36\" data-element_type=\"section\">\n\t\t\t\t\t\t<div class=\"elementor-container elementor-column-gap-default\">\n\t\t\t\t\t<div class=\"elementor-column elementor-col-50 elementor-top-column elementor-element elementor-element-912a492\" data-id=\"912a492\" data-element_type=\"column\">\n\t\t\t<div class=\"elementor-widget-wrap elementor-element-populated\">\n\t\t\t\t\t\t<div class=\"elementor-element elementor-element-9680ff1 elementor-widget elementor-widget-image\" data-id=\"9680ff1\" data-element_type=\"widget\" data-widget_type=\"image.default\">\n\t\t\t\t<div class=\"elementor-widget-container\">\n\t\t\t\t\t\t\t\t\t\t\t\t\t\t\t<img decoding=\"async\" width=\"1016\" height=\"1024\" src=\"https:\/\/barf4pets.com\/wp-content\/uploads\/2021\/03\/20200323_093002-2-1016x1024.jpg\" class=\"attachment-large size-large wp-image-374\" alt=\"\" srcset=\"https:\/\/barf4pets.com\/wp-content\/uploads\/2021\/03\/20200323_093002-2-1016x1024.jpg 1016w, https:\/\/barf4pets.com\/wp-content\/uploads\/2021\/03\/20200323_093002-2-298x300.jpg 298w, https:\/\/barf4pets.com\/wp-content\/uploads\/2021\/03\/20200323_093002-2-150x150.jpg 150w, https:\/\/barf4pets.com\/wp-content\/uploads\/2021\/03\/20200323_093002-2-768x774.jpg 768w, https:\/\/barf4pets.com\/wp-content\/uploads\/2021\/03\/20200323_093002-2.jpg 1080w\" sizes=\"(max-width: 1016px) 100vw, 1016px\" \/>\t\t\t\t\t\t\t\t\t\t\t\t\t\t\t<\/div>\n\t\t\t\t<\/div>\n\t\t\t\t\t<\/div>\n\t\t<\/div>\n\t\t\t\t<div class=\"elementor-column elementor-col-50 elementor-top-column elementor-element elementor-element-eb0a750\" data-id=\"eb0a750\" data-element_type=\"column\">\n\t\t\t<div class=\"elementor-widget-wrap elementor-element-populated\">\n\t\t\t\t\t\t<div class=\"elementor-element elementor-element-3e62f75 elementor-widget elementor-widget-image\" data-id=\"3e62f75\" data-element_type=\"widget\" data-widget_type=\"image.default\">\n\t\t\t\t<div class=\"elementor-widget-container\">\n\t\t\t\t\t\t\t\t\t\t\t\t\t\t\t<img decoding=\"async\" width=\"1024\" height=\"992\" src=\"https:\/\/barf4pets.com\/wp-content\/uploads\/2021\/03\/20200512_103219-2-1024x992.jpg\" class=\"attachment-large size-large wp-image-375\" alt=\"\" srcset=\"https:\/\/barf4pets.com\/wp-content\/uploads\/2021\/03\/20200512_103219-2-1024x992.jpg 1024w, https:\/\/barf4pets.com\/wp-content\/uploads\/2021\/03\/20200512_103219-2-300x291.jpg 300w, https:\/\/barf4pets.com\/wp-content\/uploads\/2021\/03\/20200512_103219-2-768x744.jpg 768w, https:\/\/barf4pets.com\/wp-content\/uploads\/2021\/03\/20200512_103219-2.jpg 1071w\" sizes=\"(max-width: 1024px) 100vw, 1024px\" \/>\t\t\t\t\t\t\t\t\t\t\t\t\t\t\t<\/div>\n\t\t\t\t<\/div>\n\t\t\t\t\t<\/div>\n\t\t<\/div>\n\t\t\t\t\t<\/div>\n\t\t<\/section>\n\t\t\t\t<\/div>\n\t\t","protected":false},"excerpt":{"rendered":"<p>Entrega a domicilio \/ Retiro de la planta Nuestra comida natural cruda utiliza como \u00fanico m\u00e9todo de conservaci\u00f3n la congelaci\u00f3n. Para maximizar las condiciones de congelaci\u00f3n durante el env\u00edo, te recomendamos un pedido m\u00ednimo de 21kg (no es obligatorio). Tenemos un pedido m\u00ednimo sugerido de $21 (no es obligatorio), puedes pedir tambi\u00e9n cantidades peque\u00f1as o [&hellip;]<\/p>\n","protected":false},"author":1,"featured_media":0,"parent":0,"menu_order":0,"comment_status":"closed","ping_status":"closed","template":"","meta":{"ocean_post_layout":"full-screen","ocean_both_sidebars_style":"","ocean_both_sidebars_content_width":0,"ocean_both_sidebars_sidebars_width":0,"ocean_sidebar":"0","ocean_second_sidebar":"0","ocean_disable_margins":"on","ocean_add_body_class":"","ocean_shortcode_before_top_bar":"","ocean_shortcode_after_top_bar":"","ocean_shortcode_before_header":"","ocean_shortcode_after_header":"","ocean_has_shortcode":"","ocean_shortcode_after_title":"","ocean_shortcode_before_footer_widgets":"","ocean_shortcode_after_footer_widgets":"","ocean_shortcode_before_footer_bottom":"","ocean_shortcode_after_footer_bottom":"","ocean_display_top_bar":"default","ocean_display_header":"on","ocean_header_style":"top","ocean_center_header_left_menu":"0","ocean_custom_header_template":"0","ocean_custom_logo":0,"ocean_custom_retina_logo":0,"ocean_custom_logo_max_width":0,"ocean_custom_logo_tablet_max_width":0,"ocean_custom_logo_mobile_max_width":0,"ocean_custom_logo_max_height":0,"ocean_custom_logo_tablet_max_height":0,"ocean_custom_logo_mobile_max_height":0,"ocean_header_custom_menu":"0","ocean_menu_typo_font_family":"0","ocean_menu_typo_font_subset":"","ocean_menu_typo_font_size":0,"ocean_menu_typo_font_size_tablet":0,"ocean_menu_typo_font_size_mobile":0,"ocean_menu_typo_font_size_unit":"px","ocean_menu_typo_font_weight":"","ocean_menu_typo_font_weight_tablet":"","ocean_menu_typo_font_weight_mobile":"","ocean_menu_typo_transform":"","ocean_menu_typo_transform_tablet":"","ocean_menu_typo_transform_mobile":"","ocean_menu_typo_line_height":0,"ocean_menu_typo_line_height_tablet":0,"ocean_menu_typo_line_height_mobile":0,"ocean_menu_typo_line_height_unit":"","ocean_menu_typo_spacing":0,"ocean_menu_typo_spacing_tablet":0,"ocean_menu_typo_spacing_mobile":0,"ocean_menu_typo_spacing_unit":"","ocean_menu_link_color":"","ocean_menu_link_color_hover":"","ocean_menu_link_color_active":"","ocean_menu_link_background":"","ocean_menu_link_hover_background":"","ocean_menu_link_active_background":"","ocean_menu_social_links_bg":"","ocean_menu_social_hover_links_bg":"","ocean_menu_social_links_color":"","ocean_menu_social_hover_links_color":"","ocean_disable_title":"on","ocean_disable_heading":"default","ocean_post_title":"","ocean_post_subheading":"","ocean_post_title_style":"","ocean_post_title_background_color":"","ocean_post_title_background":0,"ocean_post_title_bg_image_position":"","ocean_post_title_bg_image_attachment":"","ocean_post_title_bg_image_repeat":"","ocean_post_title_bg_image_size":"","ocean_post_title_height":0,"ocean_post_title_bg_overlay":0.5,"ocean_post_title_bg_overlay_color":"","ocean_disable_breadcrumbs":"off","ocean_breadcrumbs_color":"","ocean_breadcrumbs_separator_color":"","ocean_breadcrumbs_links_color":"","ocean_breadcrumbs_links_hover_color":"","ocean_display_footer_widgets":"off","ocean_display_footer_bottom":"off","ocean_custom_footer_template":"0","footnotes":""},"yst_prominent_words":[],"class_list":["post-339","page","type-page","status-publish","hentry","entry","owp-thumbs-layout-horizontal","owp-btn-normal","owp-tabs-layout-horizontal","has-no-thumbnails","has-product-nav"],"_links":{"self":[{"href":"https:\/\/barf4pets.com\/index.php?rest_route=\/wp\/v2\/pages\/339","targetHints":{"allow":["GET"]}}],"collection":[{"href":"https:\/\/barf4pets.com\/index.php?rest_route=\/wp\/v2\/pages"}],"about":[{"href":"https:\/\/barf4pets.com\/index.php?rest_route=\/wp\/v2\/types\/page"}],"author":[{"embeddable":true,"href":"https:\/\/barf4pets.com\/index.php?rest_route=\/wp\/v2\/users\/1"}],"replies":[{"embeddable":true,"href":"https:\/\/barf4pets.com\/index.php?rest_route=%2Fwp%2Fv2%2Fcomments&post=339"}],"version-history":[{"count":56,"href":"https:\/\/barf4pets.com\/index.php?rest_route=\/wp\/v2\/pages\/339\/revisions"}],"predecessor-version":[{"id":1598,"href":"https:\/\/barf4pets.com\/index.php?rest_route=\/wp\/v2\/pages\/339\/revisions\/1598"}],"wp:attachment":[{"href":"https:\/\/barf4pets.com\/index.php?rest_route=%2Fwp%2Fv2%2Fmedia&parent=339"}],"wp:term":[{"taxonomy":"yst_prominent_words","embeddable":true,"href":"https:\/\/barf4pets.com\/index.php?rest_route=%2Fwp%2Fv2%2Fyst_prominent_words&post=339"}],"curies":[{"name":"wp","href":"https:\/\/api.w.org\/{rel}","templated":true}]}}