{"id":720,"date":"2021-04-05T16:49:00","date_gmt":"2021-04-05T21:49:00","guid":{"rendered":"https:\/\/barf4pets.com\/?page_id=720"},"modified":"2025-08-19T18:21:44","modified_gmt":"2025-08-19T23:21:44","slug":"carrito","status":"publish","type":"page","link":"https:\/\/barf4pets.com\/?page_id=720","title":{"rendered":"Carrito"},"content":{"rendered":"\t\t<div data-elementor-type=\"wp-page\" data-elementor-id=\"720\" class=\"elementor elementor-720\" data-elementor-post-type=\"page\">\n\t\t\t\t\t\t<section class=\"elementor-section elementor-top-section elementor-element elementor-element-46758f0 elementor-section-boxed elementor-section-height-default elementor-section-height-default\" data-id=\"46758f0\" data-element_type=\"section\">\n\t\t\t\t\t\t<div class=\"elementor-container elementor-column-gap-default\">\n\t\t\t\t\t<div class=\"elementor-column elementor-col-100 elementor-top-column elementor-element elementor-element-ca6b7dd\" data-id=\"ca6b7dd\" data-element_type=\"column\">\n\t\t\t<div class=\"elementor-widget-wrap elementor-element-populated\">\n\t\t\t\t\t\t<div class=\"elementor-element elementor-element-80979c1 elementor-widget elementor-widget-shortcode\" data-id=\"80979c1\" data-element_type=\"widget\" data-widget_type=\"shortcode.default\">\n\t\t\t\t<div class=\"elementor-widget-container\">\n\t\t\t\t\t\t\t<div class=\"elementor-shortcode\"><div class=\"woocommerce\"><div class=\"woocommerce-notices-wrapper\"><\/div><div class=\"wc-empty-cart-message\">\n\t<div class=\"cart-empty woocommerce-info\" role=\"status\">\n\t\tTu carrito est\u00e1 vac\u00edo.\t<\/div>\n<\/div>\t<p class=\"return-to-shop\">\n\t\t<a class=\"button wc-backward\" href=\"https:\/\/barf4pets.com\/?page_id=288\">\n\t\t\tVolver a la tienda\t\t<\/a>\n\t<\/p>\n<\/div><\/div>\n\t\t\t\t\t\t<\/div>\n\t\t\t\t<\/div>\n\t\t\t\t<section class=\"elementor-section elementor-inner-section elementor-element elementor-element-55b26ae elementor-section-boxed elementor-section-height-default elementor-section-height-default\" data-id=\"55b26ae\" data-element_type=\"section\">\n\t\t\t\t\t\t<div class=\"elementor-container elementor-column-gap-default\">\n\t\t\t\t\t<div class=\"elementor-column elementor-col-50 elementor-inner-column elementor-element elementor-element-f0130bc\" data-id=\"f0130bc\" data-element_type=\"column\">\n\t\t\t<div class=\"elementor-widget-wrap elementor-element-populated\">\n\t\t\t\t\t\t<div class=\"elementor-element elementor-element-e12e4b7 elementor-widget elementor-widget-text-editor\" data-id=\"e12e4b7\" data-element_type=\"widget\" data-widget_type=\"text-editor.default\">\n\t\t\t\t<div class=\"elementor-widget-container\">\n\t\t\t\t\t\t\t\t\t<h2 style=\"text-align: center;\"><span style=\"text-decoration: underline;\"><span style=\"color: #ff0000; text-decoration: underline;\"><strong>ATENCI\u00d3N<\/strong><\/span><\/span><span style=\"color: #ff0000;\">:<\/span><\/h2><p style=\"text-align: center;\"><span style=\"text-decoration: underline;\"><strong><span style=\"color: #008000; text-decoration: underline;\">Luego<\/span><\/strong><\/span> de realizar tu pedido y <strong><span style=\"text-decoration: underline;\"><span style=\"color: #ff6600; text-decoration: underline;\">ANTES<\/span><\/span><\/strong> de realizar el pago por favor cont\u00e1ctanos a nuestro <span style=\"text-decoration: underline;\"><span style=\"color: #99cc00; text-decoration: underline;\">Whatsapp<\/span><\/span> (dale click al <span style=\"text-decoration: underline; color: #99cc00;\">whatsapp<\/span> que est\u00e1 en la parte inferior de esta p\u00e1gina); \u00f3 danos un tiempo para contactarte y confirmar el stock disponible. Siempre tenemos disponibilidad en las diferentes recetas publicadas, pero las diferentes presentaciones especialmente las peque\u00f1as se acaban muy r\u00e1pido.\u00a0<\/p>\t\t\t\t\t\t\t\t<\/div>\n\t\t\t\t<\/div>\n\t\t\t\t\t<\/div>\n\t\t<\/div>\n\t\t\t\t<div class=\"elementor-column elementor-col-50 elementor-inner-column elementor-element elementor-element-3efad0b\" data-id=\"3efad0b\" data-element_type=\"column\">\n\t\t\t<div class=\"elementor-widget-wrap elementor-element-populated\">\n\t\t\t\t\t\t<div class=\"elementor-element elementor-element-6dffc7e elementor-widget elementor-widget-image\" data-id=\"6dffc7e\" data-element_type=\"widget\" data-widget_type=\"image.default\">\n\t\t\t\t<div class=\"elementor-widget-container\">\n\t\t\t\t\t\t\t\t\t\t\t\t\t\t\t<img decoding=\"async\" width=\"150\" height=\"150\" src=\"https:\/\/barf4pets.com\/wp-content\/uploads\/2023\/09\/20230903_151917-150x150.jpg\" class=\"attachment-thumbnail size-thumbnail wp-image-1371\" alt=\"\" srcset=\"https:\/\/barf4pets.com\/wp-content\/uploads\/2023\/09\/20230903_151917-150x150.jpg 150w, https:\/\/barf4pets.com\/wp-content\/uploads\/2023\/09\/20230903_151917-300x300.jpg 300w, https:\/\/barf4pets.com\/wp-content\/uploads\/2023\/09\/20230903_151917-1024x1024.jpg 1024w, https:\/\/barf4pets.com\/wp-content\/uploads\/2023\/09\/20230903_151917-768x767.jpg 768w, https:\/\/barf4pets.com\/wp-content\/uploads\/2023\/09\/20230903_151917-600x600.jpg 600w, https:\/\/barf4pets.com\/wp-content\/uploads\/2023\/09\/20230903_151917-100x100.jpg 100w, https:\/\/barf4pets.com\/wp-content\/uploads\/2023\/09\/20230903_151917.jpg 1200w\" sizes=\"(max-width: 150px) 100vw, 150px\" \/>\t\t\t\t\t\t\t\t\t\t\t\t\t\t\t<\/div>\n\t\t\t\t<\/div>\n\t\t\t\t\t<\/div>\n\t\t<\/div>\n\t\t\t\t\t<\/div>\n\t\t<\/section>\n\t\t\t\t\t<\/div>\n\t\t<\/div>\n\t\t\t\t\t<\/div>\n\t\t<\/section>\n\t\t\t\t<\/div>\n\t\t","protected":false},"excerpt":{"rendered":"<p>ATENCI\u00d3N: Luego de realizar tu pedido y ANTES de realizar el pago por favor cont\u00e1ctanos a nuestro Whatsapp (dale click al whatsapp que est\u00e1 en la parte inferior de esta p\u00e1gina); \u00f3 danos un tiempo para contactarte y confirmar el stock disponible. Siempre tenemos disponibilidad en las diferentes recetas publicadas, pero las diferentes presentaciones especialmente [&hellip;]<\/p>\n","protected":false},"author":1,"featured_media":0,"parent":0,"menu_order":0,"comment_status":"closed","ping_status":"closed","template":"","meta":{"ocean_post_layout":"full-screen","ocean_both_sidebars_style":"","ocean_both_sidebars_content_width":0,"ocean_both_sidebars_sidebars_width":0,"ocean_sidebar":"0","ocean_second_sidebar":"0","ocean_disable_margins":"on","ocean_add_body_class":"","ocean_shortcode_before_top_bar":"","ocean_shortcode_after_top_bar":"","ocean_shortcode_before_header":"","ocean_shortcode_after_header":"","ocean_has_shortcode":"","ocean_shortcode_after_title":"","ocean_shortcode_before_footer_widgets":"","ocean_shortcode_after_footer_widgets":"","ocean_shortcode_before_footer_bottom":"","ocean_shortcode_after_footer_bottom":"","ocean_display_top_bar":"off","ocean_display_header":"on","ocean_header_style":"","ocean_center_header_left_menu":"0","ocean_custom_header_template":"0","ocean_custom_logo":0,"ocean_custom_retina_logo":0,"ocean_custom_logo_max_width":0,"ocean_custom_logo_tablet_max_width":0,"ocean_custom_logo_mobile_max_width":0,"ocean_custom_logo_max_height":0,"ocean_custom_logo_tablet_max_height":0,"ocean_custom_logo_mobile_max_height":0,"ocean_header_custom_menu":"0","ocean_menu_typo_font_family":"0","ocean_menu_typo_font_subset":"","ocean_menu_typo_font_size":0,"ocean_menu_typo_font_size_tablet":0,"ocean_menu_typo_font_size_mobile":0,"ocean_menu_typo_font_size_unit":"px","ocean_menu_typo_font_weight":"","ocean_menu_typo_font_weight_tablet":"","ocean_menu_typo_font_weight_mobile":"","ocean_menu_typo_transform":"","ocean_menu_typo_transform_tablet":"","ocean_menu_typo_transform_mobile":"","ocean_menu_typo_line_height":0,"ocean_menu_typo_line_height_tablet":0,"ocean_menu_typo_line_height_mobile":0,"ocean_menu_typo_line_height_unit":"","ocean_menu_typo_spacing":0,"ocean_menu_typo_spacing_tablet":0,"ocean_menu_typo_spacing_mobile":0,"ocean_menu_typo_spacing_unit":"","ocean_menu_link_color":"","ocean_menu_link_color_hover":"","ocean_menu_link_color_active":"","ocean_menu_link_background":"","ocean_menu_link_hover_background":"","ocean_menu_link_active_background":"","ocean_menu_social_links_bg":"","ocean_menu_social_hover_links_bg":"","ocean_menu_social_links_color":"","ocean_menu_social_hover_links_color":"","ocean_disable_title":"on","ocean_disable_heading":"default","ocean_post_title":"","ocean_post_subheading":"","ocean_post_title_style":"","ocean_post_title_background_color":"","ocean_post_title_background":0,"ocean_post_title_bg_image_position":"","ocean_post_title_bg_image_attachment":"","ocean_post_title_bg_image_repeat":"","ocean_post_title_bg_image_size":"","ocean_post_title_height":0,"ocean_post_title_bg_overlay":0.5,"ocean_post_title_bg_overlay_color":"","ocean_disable_breadcrumbs":"off","ocean_breadcrumbs_color":"","ocean_breadcrumbs_separator_color":"","ocean_breadcrumbs_links_color":"","ocean_breadcrumbs_links_hover_color":"","ocean_display_footer_widgets":"on","ocean_display_footer_bottom":"off","ocean_custom_footer_template":"0","footnotes":""},"yst_prominent_words":[],"class_list":["post-720","page","type-page","status-publish","hentry","entry","owp-thumbs-layout-horizontal","owp-btn-normal","owp-tabs-layout-horizontal","has-no-thumbnails","has-product-nav"],"_links":{"self":[{"href":"https:\/\/barf4pets.com\/index.php?rest_route=\/wp\/v2\/pages\/720","targetHints":{"allow":["GET"]}}],"collection":[{"href":"https:\/\/barf4pets.com\/index.php?rest_route=\/wp\/v2\/pages"}],"about":[{"href":"https:\/\/barf4pets.com\/index.php?rest_route=\/wp\/v2\/types\/page"}],"author":[{"embeddable":true,"href":"https:\/\/barf4pets.com\/index.php?rest_route=\/wp\/v2\/users\/1"}],"replies":[{"embeddable":true,"href":"https:\/\/barf4pets.com\/index.php?rest_route=%2Fwp%2Fv2%2Fcomments&post=720"}],"version-history":[{"count":13,"href":"https:\/\/barf4pets.com\/index.php?rest_route=\/wp\/v2\/pages\/720\/revisions"}],"predecessor-version":[{"id":1670,"href":"https:\/\/barf4pets.com\/index.php?rest_route=\/wp\/v2\/pages\/720\/revisions\/1670"}],"wp:attachment":[{"href":"https:\/\/barf4pets.com\/index.php?rest_route=%2Fwp%2Fv2%2Fmedia&parent=720"}],"wp:term":[{"taxonomy":"yst_prominent_words","embeddable":true,"href":"https:\/\/barf4pets.com\/index.php?rest_route=%2Fwp%2Fv2%2Fyst_prominent_words&post=720"}],"curies":[{"name":"wp","href":"https:\/\/api.w.org\/{rel}","templated":true}]}}